{"id":10,"date":"2025-11-17T19:30:27","date_gmt":"2025-11-17T19:30:27","guid":{"rendered":"https:\/\/associationsunirpourmieuxvoussoutenir.fr\/?page_id=10"},"modified":"2026-04-02T18:15:37","modified_gmt":"2026-04-02T18:15:37","slug":"evenements","status":"publish","type":"page","link":"https:\/\/associationsunirpourmieuxvoussoutenir.fr\/index.php\/evenements\/","title":{"rendered":""},"content":{"rendered":"\t\t<div data-elementor-type=\"wp-page\" data-elementor-id=\"10\" class=\"elementor elementor-10\">\n\t\t\t\t<div class=\"elementor-element elementor-element-1a6ec27 e-flex e-con-boxed e-con e-parent\" data-id=\"1a6ec27\" data-element_type=\"container\">\n\t\t\t\t\t<div class=\"e-con-inner\">\n\t\t\t\t<div class=\"elementor-element elementor-element-77799e6f elementor-widget elementor-widget-heading\" data-id=\"77799e6f\" data-element_type=\"widget\" data-widget_type=\"heading.default\">\n\t\t\t\t\t<div class=\"elementor-heading-title elementor-size-default\">Nos \u00e9v\u00e8nements <\/div>\t\t\t\t<\/div>\n\t\t\t\t<div class=\"elementor-element elementor-element-3d082aca elementor-widget__width-initial elementor-widget elementor-widget-heading\" data-id=\"3d082aca\" data-element_type=\"widget\" data-widget_type=\"heading.default\">\n\t\t\t\t\t<h2 class=\"elementor-heading-title elementor-size-default\">Retrouvez nos dates importantes <\/h2>\t\t\t\t<\/div>\n\t\t\t\t<div class=\"elementor-element elementor-element-66c4dbbe elementor-widget elementor-widget-athemes-addons-testimonials\" data-id=\"66c4dbbe\" data-element_type=\"widget\" data-settings=\"{&quot;infinite&quot;:&quot;true&quot;}\" data-widget_type=\"athemes-addons-testimonials.athemes-addons-testimonials-side-by-side\">\n\t\t\t\t<div class=\"elementor-widget-container\">\n\t\t\t\t\t\t\t<div class=\"athemes-addons-testimonials-container\">\r\n\t\t\t<div class=\"swiper-container athemes-addons-testimonials\" data-id=\"athemes-addons-testimonials-side-by-side\" data-autoplay=\"true\" data-autoplay-speed=\"5000\" data-infinite=\"true\" data-pause-on-hover=\"true\" data-transition-speed=\"500\" data-arrows=\"yes\" data-dots=\"yes\" data-items=\"2\" data-items-tablet=\"2\" data-items-mobile=\"1\">\r\n\t\t\t\t<div class=\"swiper-wrapper\">\r\n\t\t\t\t\t\t\t\t\t\t\t\t\t\t\t\t<div class=\"swiper-slide\">\r\n\t\t\t\t\t\t\t\t\r\n\t\t\t\t\t\t\t<div class=\"quote-icon\">\r\n\t\t\t\t\t\t\t\t<svg width=\"18\" height=\"15\" viewBox=\"0 0 18 15\" fill=\"none\" xmlns=\"http:\/\/www.w3.org\/2000\/svg\"><path d=\"M16.4169 1.679C17.4469 2.773 17.9999 4 17.9999 5.989C17.9999 9.489 15.5439 12.626 11.9699 14.177L11.0769 12.799C14.4119 10.995 15.0639 8.654 15.3249 7.178C14.7879 7.456 14.0849 7.553 13.3949 7.489C11.5909 7.322 10.1689 5.841 10.1689 4C10.1689 3.07174 10.5377 2.1815 11.194 1.52513C11.8504 0.868749 12.7407 0.5 13.6689 0.5C14.7419 0.5 15.7689 0.99 16.4169 1.679ZM6.41692 1.679C7.44692 2.773 7.99992 4 7.99992 5.989C7.99992 9.489 5.54392 12.626 1.96992 14.177L1.07692 12.799C4.41192 10.995 5.06392 8.654 5.32392 7.178C4.78692 7.456 4.08392 7.553 3.39492 7.489C1.59092 7.323 0.169922 5.842 0.169922 4C0.169922 3.07174 0.538671 2.1815 1.19505 1.52513C1.85143 0.868749 2.74166 0.5 3.66992 0.5C4.74292 0.5 5.76992 0.99 6.41792 1.679\"\/><\/svg>\t\t\t\t\t\t\t<\/div>\r\n\r\n\t\t\t\t\t\t\t<div class=\"author-image\">\r\n\t\t\t\t\t\t\t\t\r\n\t\t\t<img decoding=\"async\"  src=\"https:\/\/associationsunirpourmieuxvoussoutenir.fr\/wp-content\/uploads\/2021\/11\/pexels-laura-tancredi-7078049.jpg\">\r\n\t\t\t\t\t\t\t\t\t<\/div>\r\n\t\r\n\t\t\t\t\t\t\t<div class=\"author-info\">\r\n\t\t\t\t\t\t\t\t\t\t\t\t\t\t\t\t\t<h3 class=\"review-title\">Soir\u00e9e inauguration<\/h3>\r\n\t\t\t\t\t\t\t\t\t\t\r\n\t\t\t\t\t\t\t\t\t\t\r\n\t\t\t\t\t\t\t\t\t\t\t\t\t\t\t\t\t<div class=\"review-content\"><p>aThemes Addons for Elementor enhances my workflow seamlessly. Impressive support, swift loading, and impeccable code quality. A must-have!<\/p><\/div>\r\n\t\t\t\t\t\t\t\t\t\t\r\n\t\t\t\t\t\t\t\t\t\t\t\t\t\t\t\t\t<div class=\"review-date\">28\/02\/2026<\/div>\r\n\t\t\t\t\t\t\t\t\t\r\n\t\t\t\t\t\t\t\t<div class=\"author-data\">\r\n\t\t\t\t\t\t\t\t\t\t\t\t\t\t\t\t\t<div class=\"author-name\">Lieu<\/div>\r\n\t\t\t\t\t\t\t\t\t\t\t\t\t\t\t\t\t\t\t\t\t\t\t\t<\/div>\r\n\t\t\t\t\t\t\t<\/div>\r\n\t\t\t\t\t\t<\/div>\r\n\t\t\t\t\t\t\t\t\t\t\t\t\t\t\t\t\t<div class=\"swiper-slide\">\r\n\t\t\t\t\t\t\t\t\r\n\t\t\t\t\t\t\t<div class=\"quote-icon\">\r\n\t\t\t\t\t\t\t\t<svg width=\"18\" height=\"15\" viewBox=\"0 0 18 15\" fill=\"none\" xmlns=\"http:\/\/www.w3.org\/2000\/svg\"><path d=\"M16.4169 1.679C17.4469 2.773 17.9999 4 17.9999 5.989C17.9999 9.489 15.5439 12.626 11.9699 14.177L11.0769 12.799C14.4119 10.995 15.0639 8.654 15.3249 7.178C14.7879 7.456 14.0849 7.553 13.3949 7.489C11.5909 7.322 10.1689 5.841 10.1689 4C10.1689 3.07174 10.5377 2.1815 11.194 1.52513C11.8504 0.868749 12.7407 0.5 13.6689 0.5C14.7419 0.5 15.7689 0.99 16.4169 1.679ZM6.41692 1.679C7.44692 2.773 7.99992 4 7.99992 5.989C7.99992 9.489 5.54392 12.626 1.96992 14.177L1.07692 12.799C4.41192 10.995 5.06392 8.654 5.32392 7.178C4.78692 7.456 4.08392 7.553 3.39492 7.489C1.59092 7.323 0.169922 5.842 0.169922 4C0.169922 3.07174 0.538671 2.1815 1.19505 1.52513C1.85143 0.868749 2.74166 0.5 3.66992 0.5C4.74292 0.5 5.76992 0.99 6.41792 1.679\"\/><\/svg>\t\t\t\t\t\t\t<\/div>\r\n\r\n\t\t\t\t\t\t\t<div class=\"author-image\">\r\n\t\t\t\t\t\t\t\t\r\n\t\t\t<img decoding=\"async\"  src=\"https:\/\/associationsunirpourmieuxvoussoutenir.fr\/wp-content\/uploads\/2021\/10\/Logo-sunirpourmieux-vous-soutenir-.png\">\r\n\t\t\t\t\t\t\t\t\t<\/div>\r\n\t\r\n\t\t\t\t\t\t\t<div class=\"author-info\">\r\n\t\t\t\t\t\t\t\t\t\t\t\t\t\t\t\t\t<h3 class=\"review-title\">Soir\u00e9e inauguration<\/h3>\r\n\t\t\t\t\t\t\t\t\t\t\r\n\t\t\t\t\t\t\t\t\t\t\r\n\t\t\t\t\t\t\t\t\t\t\t\t\t\t\t\t\t<div class=\"review-content\"><p>aThemes Addons for Elementor enhances my workflow seamlessly. Impressive support, swift loading, and impeccable code quality. A must-have!<\/p><\/div>\r\n\t\t\t\t\t\t\t\t\t\t\r\n\t\t\t\t\t\t\t\t\t\t\t\t\t\t\t\t\t<div class=\"review-date\">28\/02\/2026<\/div>\r\n\t\t\t\t\t\t\t\t\t\r\n\t\t\t\t\t\t\t\t<div class=\"author-data\">\r\n\t\t\t\t\t\t\t\t\t\t\t\t\t\t\t\t\t<div class=\"author-name\">Lieu<\/div>\r\n\t\t\t\t\t\t\t\t\t\t\t\t\t\t\t\t\t\t\t\t\t\t\t\t<\/div>\r\n\t\t\t\t\t\t\t<\/div>\r\n\t\t\t\t\t\t<\/div>\r\n\t\t\t\t\t\t\t\t\t\t\t\t\t\t\t<\/div>\r\n\t\r\n\t\t\t\t\t\t\t\t\t<div class=\"swiper-button-prev\"><svg xmlns=\"http:\/\/www.w3.org\/2000\/svg\" width=\"21\" height=\"40\" fill=\"none\"><path d=\"M3.589 20 20.564 2.556a1.498 1.498 0 1 0-2.149-2.09L.425 18.954a1.5 1.5 0 0 0 0 2.09l17.99 18.49a1.5 1.5 0 1 0 2.149-2.091L3.587 20h.002Z\"\/><\/svg><\/div>                            \r\n\t\t\t\t\t<div class=\"swiper-button-next\"><svg xmlns=\"http:\/\/www.w3.org\/2000\/svg\" width=\"21\" height=\"40\" fill=\"none\"><path d=\"M17.411 20 .436 2.556A1.5 1.5 0 1 1 2.585.466l17.99 18.489a1.5 1.5 0 0 1 0 2.09l-17.99 18.49a1.498 1.498 0 1 1-2.149-2.091L17.413 20h-.002Z\"\/><\/svg><\/div>\r\n\t\t\t\t              \r\n\t\t\t<\/div>\r\n\t\r\n\t\t\t\t\t\t\t<div class=\"testimonials-pagination\"><\/div>\r\n\t\t\t\t\t<\/div>\r\n\t\t  \r\n\t\t\t\t\t\t<\/div>\n\t\t\t\t<\/div>\n\t\t\t\t\t<\/div>\n\t\t\t\t<\/div>\n\t\t\t\t<\/div>\n\t\t","protected":false},"excerpt":{"rendered":"<p>Nos \u00e9v\u00e8nements Retrouvez nos dates importantes Soir\u00e9e inauguration aThemes Addons for Elementor enhances my workflow seamlessly. Impressive support, swift loading, and impeccable [&hellip;]<\/p>\n","protected":false},"author":1,"featured_media":0,"parent":0,"menu_order":0,"comment_status":"closed","ping_status":"closed","template":"","meta":{"footnotes":""},"class_list":["post-10","page","type-page","status-publish","hentry"],"_links":{"self":[{"href":"https:\/\/associationsunirpourmieuxvoussoutenir.fr\/index.php\/wp-json\/wp\/v2\/pages\/10","targetHints":{"allow":["GET"]}}],"collection":[{"href":"https:\/\/associationsunirpourmieuxvoussoutenir.fr\/index.php\/wp-json\/wp\/v2\/pages"}],"about":[{"href":"https:\/\/associationsunirpourmieuxvoussoutenir.fr\/index.php\/wp-json\/wp\/v2\/types\/page"}],"author":[{"embeddable":true,"href":"https:\/\/associationsunirpourmieuxvoussoutenir.fr\/index.php\/wp-json\/wp\/v2\/users\/1"}],"replies":[{"embeddable":true,"href":"https:\/\/associationsunirpourmieuxvoussoutenir.fr\/index.php\/wp-json\/wp\/v2\/comments?post=10"}],"version-history":[{"count":17,"href":"https:\/\/associationsunirpourmieuxvoussoutenir.fr\/index.php\/wp-json\/wp\/v2\/pages\/10\/revisions"}],"predecessor-version":[{"id":1347,"href":"https:\/\/associationsunirpourmieuxvoussoutenir.fr\/index.php\/wp-json\/wp\/v2\/pages\/10\/revisions\/1347"}],"wp:attachment":[{"href":"https:\/\/associationsunirpourmieuxvoussoutenir.fr\/index.php\/wp-json\/wp\/v2\/media?parent=10"}],"curies":[{"name":"wp","href":"https:\/\/api.w.org\/{rel}","templated":true}]}}