{"id":12,"date":"2025-11-17T19:31:16","date_gmt":"2025-11-17T19:31:16","guid":{"rendered":"https:\/\/associationsunirpourmieuxvoussoutenir.fr\/?page_id=12"},"modified":"2026-04-02T18:15:15","modified_gmt":"2026-04-02T18:15:15","slug":"galerie","status":"publish","type":"page","link":"https:\/\/associationsunirpourmieuxvoussoutenir.fr\/index.php\/galerie\/","title":{"rendered":""},"content":{"rendered":"\t\t<div data-elementor-type=\"wp-page\" data-elementor-id=\"12\" class=\"elementor elementor-12\">\n\t\t\t\t\t\t<section class=\"elementor-section elementor-top-section elementor-element elementor-element-5c0b0cbc elementor-section-full_width elementor-section-stretched elementor-section-height-default elementor-section-height-default\" data-id=\"5c0b0cbc\" data-element_type=\"section\" data-settings=\"{&quot;background_background&quot;:&quot;classic&quot;,&quot;stretch_section&quot;:&quot;section-stretched&quot;}\">\n\t\t\t\t\t\t\t<div class=\"elementor-background-overlay\"><\/div>\n\t\t\t\t\t\t\t<div class=\"elementor-container elementor-column-gap-no\">\n\t\t\t\t\t<div class=\"elementor-column elementor-col-100 elementor-top-column elementor-element elementor-element-7f1b2beb\" data-id=\"7f1b2beb\" data-element_type=\"column\">\n\t\t\t<div class=\"elementor-widget-wrap elementor-element-populated\">\n\t\t\t\t\t\t<div class=\"elementor-element elementor-element-4f34204b elementor-widget elementor-widget-heading\" data-id=\"4f34204b\" data-element_type=\"widget\" data-widget_type=\"heading.default\">\n\t\t\t\t\t<h2 class=\"elementor-heading-title elementor-size-default\">DEvENir b\u00e9n\u00e9vole<\/h2>\t\t\t\t<\/div>\n\t\t\t\t<div class=\"elementor-element elementor-element-94d635c elementor-widget elementor-widget-heading\" data-id=\"94d635c\" data-element_type=\"widget\" data-widget_type=\"heading.default\">\n\t\t\t\t\t<h2 class=\"elementor-heading-title elementor-size-default\">Une petite action peut en devenir une grande <\/h2>\t\t\t\t<\/div>\n\t\t\t\t\t<\/div>\n\t\t<\/div>\n\t\t\t\t\t<\/div>\n\t\t<\/section>\n\t\t\t\t<section class=\"elementor-section elementor-top-section elementor-element elementor-element-5ab0db48 elementor-section-boxed elementor-section-height-default elementor-section-height-default\" data-id=\"5ab0db48\" data-element_type=\"section\">\n\t\t\t\t\t\t<div class=\"elementor-container elementor-column-gap-default\">\n\t\t\t\t\t<div class=\"elementor-column elementor-col-100 elementor-top-column elementor-element elementor-element-3aeb0473\" data-id=\"3aeb0473\" data-element_type=\"column\">\n\t\t\t<div class=\"elementor-widget-wrap elementor-element-populated\">\n\t\t\t\t\t\t<section class=\"elementor-section elementor-inner-section elementor-element elementor-element-1820894 elementor-section-content-middle elementor-section-boxed elementor-section-height-default elementor-section-height-default\" data-id=\"1820894\" data-element_type=\"section\">\n\t\t\t\t\t\t<div class=\"elementor-container elementor-column-gap-default\">\n\t\t\t\t\t<div class=\"elementor-column elementor-col-50 elementor-inner-column elementor-element elementor-element-7029f947\" data-id=\"7029f947\" data-element_type=\"column\">\n\t\t\t<div class=\"elementor-widget-wrap elementor-element-populated\">\n\t\t\t\t\t\t<div class=\"elementor-element elementor-element-7a1fab87 elementor-widget elementor-widget-image\" data-id=\"7a1fab87\" data-element_type=\"widget\" data-widget_type=\"image.default\">\n\t\t\t\t\t\t\t\t\t\t\t\t\t\t\t<img fetchpriority=\"high\" decoding=\"async\" width=\"1024\" height=\"683\" src=\"https:\/\/associationsunirpourmieuxvoussoutenir.fr\/wp-content\/uploads\/2025\/12\/smiley-people-touching-shoulders-group-therapy-session-1024x683.jpg\" class=\"attachment-large size-large wp-image-1068\" alt=\"\" srcset=\"https:\/\/associationsunirpourmieuxvoussoutenir.fr\/wp-content\/uploads\/2025\/12\/smiley-people-touching-shoulders-group-therapy-session-1024x683.jpg 1024w, https:\/\/associationsunirpourmieuxvoussoutenir.fr\/wp-content\/uploads\/2025\/12\/smiley-people-touching-shoulders-group-therapy-session-300x200.jpg 300w, https:\/\/associationsunirpourmieuxvoussoutenir.fr\/wp-content\/uploads\/2025\/12\/smiley-people-touching-shoulders-group-therapy-session-768x512.jpg 768w, https:\/\/associationsunirpourmieuxvoussoutenir.fr\/wp-content\/uploads\/2025\/12\/smiley-people-touching-shoulders-group-therapy-session-1536x1024.jpg 1536w, https:\/\/associationsunirpourmieuxvoussoutenir.fr\/wp-content\/uploads\/2025\/12\/smiley-people-touching-shoulders-group-therapy-session-2048x1365.jpg 2048w, https:\/\/associationsunirpourmieuxvoussoutenir.fr\/wp-content\/uploads\/2025\/12\/smiley-people-touching-shoulders-group-therapy-session-1000x667.jpg 1000w, https:\/\/associationsunirpourmieuxvoussoutenir.fr\/wp-content\/uploads\/2025\/12\/smiley-people-touching-shoulders-group-therapy-session-230x153.jpg 230w, https:\/\/associationsunirpourmieuxvoussoutenir.fr\/wp-content\/uploads\/2025\/12\/smiley-people-touching-shoulders-group-therapy-session-350x233.jpg 350w, https:\/\/associationsunirpourmieuxvoussoutenir.fr\/wp-content\/uploads\/2025\/12\/smiley-people-touching-shoulders-group-therapy-session-480x320.jpg 480w\" sizes=\"(max-width: 1024px) 100vw, 1024px\" \/>\t\t\t\t\t\t\t\t\t\t\t\t\t\t\t<\/div>\n\t\t\t\t\t<\/div>\n\t\t<\/div>\n\t\t\t\t<div class=\"elementor-column elementor-col-50 elementor-inner-column elementor-element elementor-element-562f70da\" data-id=\"562f70da\" data-element_type=\"column\">\n\t\t\t<div class=\"elementor-widget-wrap elementor-element-populated\">\n\t\t\t\t\t\t<div class=\"elementor-element elementor-element-8e47eb4 elementor-widget elementor-widget-heading\" data-id=\"8e47eb4\" data-element_type=\"widget\" data-widget_type=\"heading.default\">\n\t\t\t\t\t<h2 class=\"elementor-heading-title elementor-size-default\">B\u00c9N\u00c9VOLE TH\u00c9RAPEUTE<\/h2>\t\t\t\t<\/div>\n\t\t\t\t<div class=\"elementor-element elementor-element-13e37b2c elementor-widget elementor-widget-text-editor\" data-id=\"13e37b2c\" data-element_type=\"widget\" data-widget_type=\"text-editor.default\">\n\t\t\t\t\t\t\t\t\t<p>Our plumbers are the most recognized professionals in the world because we\u2019re committed to amazing service and nothing wears on homeowners like the idea.<\/p>\t\t\t\t\t\t\t\t<\/div>\n\t\t\t\t\t<\/div>\n\t\t<\/div>\n\t\t\t\t\t<\/div>\n\t\t<\/section>\n\t\t\t\t<section class=\"elementor-section elementor-inner-section elementor-element elementor-element-1dd6e1bc elementor-section-content-middle elementor-section-boxed elementor-section-height-default elementor-section-height-default\" data-id=\"1dd6e1bc\" data-element_type=\"section\">\n\t\t\t\t\t\t<div class=\"elementor-container elementor-column-gap-default\">\n\t\t\t\t\t<div class=\"elementor-column elementor-col-50 elementor-inner-column elementor-element elementor-element-b9fcfaf\" data-id=\"b9fcfaf\" data-element_type=\"column\">\n\t\t\t<div class=\"elementor-widget-wrap elementor-element-populated\">\n\t\t\t\t\t\t<div class=\"elementor-element elementor-element-90d3ef8 elementor-widget elementor-widget-heading\" data-id=\"90d3ef8\" data-element_type=\"widget\" data-widget_type=\"heading.default\">\n\t\t\t\t\t<h2 class=\"elementor-heading-title elementor-size-default\">B\u00c9N\u00c9VOLE TH\u00c9RAPEUTE<\/h2>\t\t\t\t<\/div>\n\t\t\t\t<div class=\"elementor-element elementor-element-14f5b754 elementor-widget elementor-widget-text-editor\" data-id=\"14f5b754\" data-element_type=\"widget\" data-widget_type=\"text-editor.default\">\n\t\t\t\t\t\t\t\t\t<p>Our plumbers are the most recognized professionals in the world because we\u2019re committed to amazing service and nothing wears on homeowners like the idea.<\/p>\t\t\t\t\t\t\t\t<\/div>\n\t\t\t\t\t<\/div>\n\t\t<\/div>\n\t\t\t\t<div class=\"elementor-column elementor-col-50 elementor-inner-column elementor-element elementor-element-511afe96\" data-id=\"511afe96\" data-element_type=\"column\">\n\t\t\t<div class=\"elementor-widget-wrap elementor-element-populated\">\n\t\t\t\t\t\t<div class=\"elementor-element elementor-element-1dd944ce elementor-widget elementor-widget-image\" data-id=\"1dd944ce\" data-element_type=\"widget\" data-widget_type=\"image.default\">\n\t\t\t\t\t\t\t\t\t\t\t\t\t\t\t<img fetchpriority=\"high\" decoding=\"async\" width=\"1024\" height=\"683\" src=\"https:\/\/associationsunirpourmieuxvoussoutenir.fr\/wp-content\/uploads\/2025\/12\/smiley-people-touching-shoulders-group-therapy-session-1024x683.jpg\" class=\"attachment-large size-large wp-image-1068\" alt=\"\" srcset=\"https:\/\/associationsunirpourmieuxvoussoutenir.fr\/wp-content\/uploads\/2025\/12\/smiley-people-touching-shoulders-group-therapy-session-1024x683.jpg 1024w, https:\/\/associationsunirpourmieuxvoussoutenir.fr\/wp-content\/uploads\/2025\/12\/smiley-people-touching-shoulders-group-therapy-session-300x200.jpg 300w, https:\/\/associationsunirpourmieuxvoussoutenir.fr\/wp-content\/uploads\/2025\/12\/smiley-people-touching-shoulders-group-therapy-session-768x512.jpg 768w, https:\/\/associationsunirpourmieuxvoussoutenir.fr\/wp-content\/uploads\/2025\/12\/smiley-people-touching-shoulders-group-therapy-session-1536x1024.jpg 1536w, https:\/\/associationsunirpourmieuxvoussoutenir.fr\/wp-content\/uploads\/2025\/12\/smiley-people-touching-shoulders-group-therapy-session-2048x1365.jpg 2048w, https:\/\/associationsunirpourmieuxvoussoutenir.fr\/wp-content\/uploads\/2025\/12\/smiley-people-touching-shoulders-group-therapy-session-1000x667.jpg 1000w, https:\/\/associationsunirpourmieuxvoussoutenir.fr\/wp-content\/uploads\/2025\/12\/smiley-people-touching-shoulders-group-therapy-session-230x153.jpg 230w, https:\/\/associationsunirpourmieuxvoussoutenir.fr\/wp-content\/uploads\/2025\/12\/smiley-people-touching-shoulders-group-therapy-session-350x233.jpg 350w, https:\/\/associationsunirpourmieuxvoussoutenir.fr\/wp-content\/uploads\/2025\/12\/smiley-people-touching-shoulders-group-therapy-session-480x320.jpg 480w\" sizes=\"(max-width: 1024px) 100vw, 1024px\" \/>\t\t\t\t\t\t\t\t\t\t\t\t\t\t\t<\/div>\n\t\t\t\t\t<\/div>\n\t\t<\/div>\n\t\t\t\t\t<\/div>\n\t\t<\/section>\n\t\t\t\t\t<\/div>\n\t\t<\/div>\n\t\t\t\t\t<\/div>\n\t\t<\/section>\n\t\t<div class=\"elementor-element elementor-element-2bd02ba e-flex e-con-boxed e-con e-parent\" data-id=\"2bd02ba\" data-element_type=\"container\">\n\t\t\t\t\t<div class=\"e-con-inner\">\n\t\t<div class=\"elementor-element elementor-element-6f9db10 e-con-full e-flex e-con e-child\" data-id=\"6f9db10\" data-element_type=\"container\">\n\t\t\t\t<div class=\"elementor-element elementor-element-9643c5e elementor-widget elementor-widget-text-editor\" data-id=\"9643c5e\" data-element_type=\"widget\" data-widget_type=\"text-editor.default\">\n\t\t\t\t\t\t\t\t\t<h2><strong>Notre charte du b\u00e9n\u00e9vole\u00a0<\/strong><\/h2><p><a href=\"http:\/\/associationsunirpourmieuxvoussoutenir.fr\/wp-content\/uploads\/2026\/03\/CHARTE-BENEVOLAT-FIN-A.pdf\">CHARTE BENEVOLAT<\/a><\/p>\t\t\t\t\t\t\t\t<\/div>\n\t\t\t\t<\/div>\n\t\t\t\t\t<\/div>\n\t\t\t\t<\/div>\n\t\t<div class=\"elementor-element elementor-element-8c9ac0c e-flex e-con-boxed e-con e-parent\" data-id=\"8c9ac0c\" data-element_type=\"container\">\n\t\t\t\t\t<div class=\"e-con-inner\">\n\t\t\t\t<div class=\"elementor-element elementor-element-838a19c elementor-widget elementor-widget-heading\" data-id=\"838a19c\" data-element_type=\"widget\" data-widget_type=\"heading.default\">\n\t\t\t\t\t<h2 class=\"elementor-heading-title elementor-size-default\">Vous souhaitez nous rejoindre ? <\/h2>\t\t\t\t<\/div>\n\t\t\t\t<div class=\"elementor-element elementor-element-bfb32d7 elementor-widget elementor-widget-wpforms\" data-id=\"bfb32d7\" data-element_type=\"widget\" data-widget_type=\"wpforms.default\">\n\t\t\t\t<div class=\"elementor-widget-container\">\n\t\t\t\t\t<div class=\"wpforms-container wpforms-container-full wpforms-render-modern\" id=\"wpforms-744\"><form id=\"wpforms-form-744\" class=\"wpforms-validate wpforms-form wpforms-ajax-form\" data-formid=\"744\" method=\"post\" enctype=\"multipart\/form-data\" action=\"\/index.php\/wp-json\/wp\/v2\/pages\/12\" data-token=\"11bbc7039091ca5869265dadf7aa5bf5\" data-token-time=\"1776775431\"><noscript class=\"wpforms-error-noscript\">Veuillez activer JavaScript dans votre navigateur pour remplir ce formulaire.<\/noscript><div id=\"wpforms-error-noscript\" style=\"display: none;\">Veuillez activer JavaScript dans votre navigateur pour remplir ce formulaire.<\/div><div class=\"wpforms-field-container\"><div id=\"wpforms-744-field_0-container\" class=\"wpforms-field wpforms-field-name wpforms-one-half wpforms-first\" data-field-id=\"0\"><label class=\"wpforms-field-label\" for=\"wpforms-744-field_0\">Name <span class=\"wpforms-required-label\" aria-hidden=\"true\">*<\/span><\/label><input type=\"text\" id=\"wpforms-744-field_0\" class=\"wpforms-field-large wpforms-field-required\" name=\"wpforms[fields][0]\" aria-errormessage=\"wpforms-744-field_0-error\" required><\/div><div id=\"wpforms-744-field_1-container\" class=\"wpforms-field wpforms-field-email wpforms-one-half\" data-field-id=\"1\"><label class=\"wpforms-field-label\" for=\"wpforms-744-field_1\">Email <span class=\"wpforms-required-label\" aria-hidden=\"true\">*<\/span><\/label><input type=\"email\" id=\"wpforms-744-field_1\" class=\"wpforms-field-large wpforms-field-required\" name=\"wpforms[fields][1]\" spellcheck=\"false\" aria-errormessage=\"wpforms-744-field_1-error\" required><\/div>\t\t<div id=\"wpforms-744-field_4-container\"\n\t\t\tclass=\"wpforms-field wpforms-field-text\"\n\t\t\tdata-field-type=\"text\"\n\t\t\tdata-field-id=\"4\"\n\t\t\t>\n\t\t\t<label class=\"wpforms-field-label\" for=\"wpforms-744-field_4\" >Message T\u00e9lephone Email<\/label>\n\t\t\t<input type=\"text\" id=\"wpforms-744-field_4\" class=\"wpforms-field-medium\" name=\"wpforms[fields][4]\" >\n\t\t<\/div>\n\t\t<div id=\"wpforms-744-field_3-container\" class=\"wpforms-field wpforms-field-number\" data-field-id=\"3\"><label class=\"wpforms-field-label\" for=\"wpforms-744-field_3\">T\u00e9lephone <span class=\"wpforms-required-label\" aria-hidden=\"true\">*<\/span><\/label><input type=\"number\" id=\"wpforms-744-field_3\" class=\"wpforms-field-medium wpforms-field-required\" name=\"wpforms[fields][3]\" step=\"any\" aria-errormessage=\"wpforms-744-field_3-error\" required><\/div><div id=\"wpforms-744-field_2-container\" class=\"wpforms-field wpforms-field-textarea\" data-field-id=\"2\"><label class=\"wpforms-field-label\" for=\"wpforms-744-field_2\">Message <span class=\"wpforms-required-label\" aria-hidden=\"true\">*<\/span><\/label><textarea id=\"wpforms-744-field_2\" class=\"wpforms-field-medium wpforms-field-required\" name=\"wpforms[fields][2]\" aria-errormessage=\"wpforms-744-field_2-error\" required><\/textarea><\/div><script>\n\t\t\t\t( function() {\n\t\t\t\t\tconst style = document.createElement( 'style' );\n\t\t\t\t\tstyle.appendChild( document.createTextNode( '#wpforms-744-field_4-container { position: absolute !important; overflow: hidden !important; display: inline !important; height: 1px !important; width: 1px !important; z-index: -1000 !important; padding: 0 !important; } #wpforms-744-field_4-container input { visibility: hidden; } #wpforms-conversational-form-page #wpforms-744-field_4-container label { counter-increment: none; }' ) );\n\t\t\t\t\tdocument.head.appendChild( style );\n\t\t\t\t\tdocument.currentScript?.remove();\n\t\t\t\t} )();\n\t\t\t<\/script><\/div><!-- .wpforms-field-container --><div class=\"wpforms-submit-container\" ><input type=\"hidden\" name=\"wpforms[id]\" value=\"744\"><input type=\"hidden\" name=\"page_title\" value=\"\"><input type=\"hidden\" name=\"page_url\" value=\"https:\/\/associationsunirpourmieuxvoussoutenir.fr\/index.php\/wp-json\/wp\/v2\/pages\/12\"><input type=\"hidden\" name=\"url_referer\" value=\"\"><button type=\"submit\" name=\"wpforms[submit]\" id=\"wpforms-submit-744\" class=\"wpforms-submit\" data-alt-text=\"Sending...\" data-submit-text=\"Envoyer\" aria-live=\"assertive\" value=\"wpforms-submit\">Envoyer<\/button><img decoding=\"async\" src=\"https:\/\/associationsunirpourmieuxvoussoutenir.fr\/wp-content\/plugins\/wpforms-lite\/assets\/images\/submit-spin.svg\" class=\"wpforms-submit-spinner\" style=\"display: none;\" width=\"26\" height=\"26\" alt=\"Chargement en cours\"><\/div><\/form><\/div>  <!-- .wpforms-container -->\t\t\t\t<\/div>\n\t\t\t\t<\/div>\n\t\t\t\t\t<\/div>\n\t\t\t\t<\/div>\n\t\t\t\t<\/div>\n\t\t","protected":false},"excerpt":{"rendered":"<p>DEvENir b\u00e9n\u00e9vole Une petite action peut en devenir une grande B\u00c9N\u00c9VOLE TH\u00c9RAPEUTE Our plumbers are the most recognized professionals in the world [&hellip;]<\/p>\n","protected":false},"author":1,"featured_media":0,"parent":0,"menu_order":0,"comment_status":"closed","ping_status":"closed","template":"","meta":{"footnotes":""},"class_list":["post-12","page","type-page","status-publish","hentry"],"_links":{"self":[{"href":"https:\/\/associationsunirpourmieuxvoussoutenir.fr\/index.php\/wp-json\/wp\/v2\/pages\/12","targetHints":{"allow":["GET"]}}],"collection":[{"href":"https:\/\/associationsunirpourmieuxvoussoutenir.fr\/index.php\/wp-json\/wp\/v2\/pages"}],"about":[{"href":"https:\/\/associationsunirpourmieuxvoussoutenir.fr\/index.php\/wp-json\/wp\/v2\/types\/page"}],"author":[{"embeddable":true,"href":"https:\/\/associationsunirpourmieuxvoussoutenir.fr\/index.php\/wp-json\/wp\/v2\/users\/1"}],"replies":[{"embeddable":true,"href":"https:\/\/associationsunirpourmieuxvoussoutenir.fr\/index.php\/wp-json\/wp\/v2\/comments?post=12"}],"version-history":[{"count":35,"href":"https:\/\/associationsunirpourmieuxvoussoutenir.fr\/index.php\/wp-json\/wp\/v2\/pages\/12\/revisions"}],"predecessor-version":[{"id":1346,"href":"https:\/\/associationsunirpourmieuxvoussoutenir.fr\/index.php\/wp-json\/wp\/v2\/pages\/12\/revisions\/1346"}],"wp:attachment":[{"href":"https:\/\/associationsunirpourmieuxvoussoutenir.fr\/index.php\/wp-json\/wp\/v2\/media?parent=12"}],"curies":[{"name":"wp","href":"https:\/\/api.w.org\/{rel}","templated":true}]}}