{"id":401,"date":"2021-11-01T11:30:50","date_gmt":"2021-11-01T11:30:50","guid":{"rendered":"https:\/\/demo.athemes.com\/sydney-main\/?page_id=401"},"modified":"2026-04-02T18:12:58","modified_gmt":"2026-04-02T18:12:58","slug":"about","status":"publish","type":"page","link":"https:\/\/associationsunirpourmieuxvoussoutenir.fr\/index.php\/about\/","title":{"rendered":"\u00c0 propos"},"content":{"rendered":"\t\t<div data-elementor-type=\"wp-page\" data-elementor-id=\"401\" class=\"elementor elementor-401\">\n\t\t\t\t<div class=\"elementor-element elementor-element-f7e8936 e-flex e-con-boxed e-con e-parent\" data-id=\"f7e8936\" data-element_type=\"container\">\n\t\t\t\t\t<div class=\"e-con-inner\">\n\t\t<div class=\"elementor-element elementor-element-6b56973 e-con-full e-flex e-con e-child\" data-id=\"6b56973\" data-element_type=\"container\">\n\t\t\t\t<div class=\"elementor-element elementor-element-eaf64ce elementor-widget elementor-widget-heading\" data-id=\"eaf64ce\" data-element_type=\"widget\" data-widget_type=\"heading.default\">\n\t\t\t\t\t<h6 class=\"elementor-heading-title elementor-size-default\">\u00c0 propos <\/h6>\t\t\t\t<\/div>\n\t\t\t\t<div class=\"elementor-element elementor-element-196df33 elementor-widget elementor-widget-heading\" data-id=\"196df33\" data-element_type=\"widget\" data-widget_type=\"heading.default\">\n\t\t\t\t\t<h2 class=\"elementor-heading-title elementor-size-default\">Au c\u0153ur de notre engagement<\/h2>\t\t\t\t<\/div>\n\t\t\t\t<div class=\"elementor-element elementor-element-64a2532 elementor-widget elementor-widget-text-editor\" data-id=\"64a2532\" data-element_type=\"widget\" data-widget_type=\"text-editor.default\">\n\t\t\t\t\t\t\t\t\t<p class=\"p1\"><b>S\u2019unir pour mieux vous soutenir est une association engag\u00e9e aupr\u00e8s des personnes touch\u00e9es par une maladie grave et de leurs aidants. Nous mettons l\u2019humain au c\u0153ur de chaque action, en offrant \u00e9coute, r\u00e9confort et accompagnement d\u00e8s l\u2019annonce du diagnostic.<\/b><b><\/b><\/p><p class=\"p1\"><b>Notre objectif est de cr\u00e9er des espaces de r\u00e9pit et de soutien, notamment \u00e0 travers notre projet de Maison de Vie, afin que chaque famille puisse trouver un lieu doux, s\u00e9curisant et bienveillant. Ensemble, nous construisons un r\u00e9seau solidaire pour que personne n\u2019avance seul face \u00e0 la maladie.<\/b><\/p>\t\t\t\t\t\t\t\t<\/div>\n\t\t\t\t<\/div>\n\t\t<div class=\"elementor-element elementor-element-827191f e-con-full e-flex e-con e-child\" data-id=\"827191f\" data-element_type=\"container\">\n\t\t\t\t<div class=\"elementor-element elementor-element-2f2bff9 elementor-widget elementor-widget-image\" data-id=\"2f2bff9\" data-element_type=\"widget\" data-widget_type=\"image.default\">\n\t\t\t\t\t\t\t\t\t\t\t\t\t\t\t<img fetchpriority=\"high\" decoding=\"async\" width=\"1024\" height=\"768\" src=\"https:\/\/associationsunirpourmieuxvoussoutenir.fr\/wp-content\/uploads\/2026\/03\/WhatsApp-Image-2026-03-16-at-18.32.37-1024x768.jpeg\" class=\"attachment-large size-large wp-image-1302\" alt=\"\" srcset=\"https:\/\/associationsunirpourmieuxvoussoutenir.fr\/wp-content\/uploads\/2026\/03\/WhatsApp-Image-2026-03-16-at-18.32.37-1024x768.jpeg 1024w, https:\/\/associationsunirpourmieuxvoussoutenir.fr\/wp-content\/uploads\/2026\/03\/WhatsApp-Image-2026-03-16-at-18.32.37-300x225.jpeg 300w, https:\/\/associationsunirpourmieuxvoussoutenir.fr\/wp-content\/uploads\/2026\/03\/WhatsApp-Image-2026-03-16-at-18.32.37-768x576.jpeg 768w, https:\/\/associationsunirpourmieuxvoussoutenir.fr\/wp-content\/uploads\/2026\/03\/WhatsApp-Image-2026-03-16-at-18.32.37-1536x1152.jpeg 1536w, https:\/\/associationsunirpourmieuxvoussoutenir.fr\/wp-content\/uploads\/2026\/03\/WhatsApp-Image-2026-03-16-at-18.32.37-1000x750.jpeg 1000w, https:\/\/associationsunirpourmieuxvoussoutenir.fr\/wp-content\/uploads\/2026\/03\/WhatsApp-Image-2026-03-16-at-18.32.37-230x173.jpeg 230w, https:\/\/associationsunirpourmieuxvoussoutenir.fr\/wp-content\/uploads\/2026\/03\/WhatsApp-Image-2026-03-16-at-18.32.37-350x263.jpeg 350w, https:\/\/associationsunirpourmieuxvoussoutenir.fr\/wp-content\/uploads\/2026\/03\/WhatsApp-Image-2026-03-16-at-18.32.37-480x360.jpeg 480w, https:\/\/associationsunirpourmieuxvoussoutenir.fr\/wp-content\/uploads\/2026\/03\/WhatsApp-Image-2026-03-16-at-18.32.37.jpeg 1600w\" sizes=\"(max-width: 1024px) 100vw, 1024px\" \/>\t\t\t\t\t\t\t\t\t\t\t\t\t\t\t<\/div>\n\t\t\t\t<\/div>\n\t\t\t\t\t<\/div>\n\t\t\t\t<\/div>\n\t\t\t\t<section class=\"elementor-section elementor-top-section elementor-element elementor-element-1b93f7a1 elementor-section-boxed elementor-section-height-default elementor-section-height-default\" data-id=\"1b93f7a1\" data-element_type=\"section\">\n\t\t\t\t\t\t<div class=\"elementor-container elementor-column-gap-default\">\n\t\t\t\t\t<div class=\"elementor-column elementor-col-50 elementor-top-column elementor-element elementor-element-7fcdbb2c\" data-id=\"7fcdbb2c\" data-element_type=\"column\">\n\t\t\t<div class=\"elementor-widget-wrap elementor-element-populated\">\n\t\t\t\t\t\t<div class=\"elementor-element elementor-element-50b45785 elementor-widget elementor-widget-heading\" data-id=\"50b45785\" data-element_type=\"widget\" data-widget_type=\"heading.default\">\n\t\t\t\t\t<div class=\"elementor-heading-title elementor-size-default\">Notre Histoire<\/div>\t\t\t\t<\/div>\n\t\t\t\t<div class=\"elementor-element elementor-element-17e2ff1e elementor-widget elementor-widget-heading\" data-id=\"17e2ff1e\" data-element_type=\"widget\" data-widget_type=\"heading.default\">\n\t\t\t\t\t<h2 class=\"elementor-heading-title elementor-size-default\">\u00ab&nbsp;S\u2019unir pour mieux vous soutenir&nbsp;\u00bb est le fruit d\u2019un constat fait en 2012 <\/h2>\t\t\t\t<\/div>\n\t\t\t\t<div class=\"elementor-element elementor-element-cb72179 elementor-widget-divider--view-line elementor-widget elementor-widget-divider\" data-id=\"cb72179\" data-element_type=\"widget\" data-widget_type=\"divider.default\">\n\t\t\t\t\t\t\t<div class=\"elementor-divider\">\n\t\t\t<span class=\"elementor-divider-separator\">\n\t\t\t\t\t\t<\/span>\n\t\t<\/div>\n\t\t\t\t\t\t<\/div>\n\t\t\t\t<div class=\"elementor-element elementor-element-3ab4dda7 elementor-drop-cap-yes elementor-drop-cap-view-default elementor-widget elementor-widget-text-editor\" data-id=\"3ab4dda7\" data-element_type=\"widget\" data-settings=\"{&quot;drop_cap&quot;:&quot;yes&quot;}\" data-widget_type=\"text-editor.default\">\n\t\t\t\t\t\t\t\t\t<p><strong>L\u2019accompagnement et la prise en charge des personnes en fin de vie pr\u00e9sente<\/strong> des lacunes, en lien, notamment, avec l\u2019insuffisance de moyens et de dispositifs adapt\u00e9s.<\/p>\t\t\t\t\t\t\t\t<\/div>\n\t\t\t\t<section class=\"elementor-section elementor-inner-section elementor-element elementor-element-2fa46874 elementor-section-boxed elementor-section-height-default elementor-section-height-default\" data-id=\"2fa46874\" data-element_type=\"section\">\n\t\t\t\t\t\t<div class=\"elementor-container elementor-column-gap-no\">\n\t\t\t\t\t<div class=\"elementor-column elementor-col-50 elementor-inner-column elementor-element elementor-element-fc133f7\" data-id=\"fc133f7\" data-element_type=\"column\">\n\t\t\t<div class=\"elementor-widget-wrap elementor-element-populated\">\n\t\t\t\t\t\t<div class=\"elementor-element elementor-element-7796caad elementor-view-stacked elementor-shape-circle elementor-position-top elementor-mobile-position-top elementor-widget elementor-widget-icon-box\" data-id=\"7796caad\" data-element_type=\"widget\" data-widget_type=\"icon-box.default\">\n\t\t\t\t\t\t\t<div class=\"elementor-icon-box-wrapper\">\n\n\t\t\t\t\t\t<div class=\"elementor-icon-box-icon\">\n\t\t\t\t<span  class=\"elementor-icon\">\n\t\t\t\t<svg aria-hidden=\"true\" class=\"e-font-icon-svg e-far-address-card\" viewBox=\"0 0 576 512\" xmlns=\"http:\/\/www.w3.org\/2000\/svg\"><path d=\"M528 32H48C21.5 32 0 53.5 0 80v352c0 26.5 21.5 48 48 48h480c26.5 0 48-21.5 48-48V80c0-26.5-21.5-48-48-48zm0 400H48V80h480v352zM208 256c35.3 0 64-28.7 64-64s-28.7-64-64-64-64 28.7-64 64 28.7 64 64 64zm-89.6 128h179.2c12.4 0 22.4-8.6 22.4-19.2v-19.2c0-31.8-30.1-57.6-67.2-57.6-10.8 0-18.7 8-44.8 8-26.9 0-33.4-8-44.8-8-37.1 0-67.2 25.8-67.2 57.6v19.2c0 10.6 10 19.2 22.4 19.2zM360 320h112c4.4 0 8-3.6 8-8v-16c0-4.4-3.6-8-8-8H360c-4.4 0-8 3.6-8 8v16c0 4.4 3.6 8 8 8zm0-64h112c4.4 0 8-3.6 8-8v-16c0-4.4-3.6-8-8-8H360c-4.4 0-8 3.6-8 8v16c0 4.4 3.6 8 8 8zm0-64h112c4.4 0 8-3.6 8-8v-16c0-4.4-3.6-8-8-8H360c-4.4 0-8 3.6-8 8v16c0 4.4 3.6 8 8 8z\"><\/path><\/svg>\t\t\t\t<\/span>\n\t\t\t<\/div>\n\t\t\t\n\t\t\t\t\t\t<div class=\"elementor-icon-box-content\">\n\n\t\t\t\t\t\t\t\t\t<h3 class=\"elementor-icon-box-title\">\n\t\t\t\t\t\t<span  >\n\t\t\t\t\t\t\tL\u2019association est n\u00e9e en 2014\t\t\t\t\t\t<\/span>\n\t\t\t\t\t<\/h3>\n\t\t\t\t\n\t\t\t\t\t\t\t\t\t<p class=\"elementor-icon-box-description\">\n\t\t\t\t\t\tde la r\u00e9union de ces personnes, pour certaines issues du\nmilieu soignant, et partageant les m\u00eames constats.\t\t\t\t\t<\/p>\n\t\t\t\t\n\t\t\t<\/div>\n\t\t\t\n\t\t<\/div>\n\t\t\t\t\t\t<\/div>\n\t\t\t\t\t<\/div>\n\t\t<\/div>\n\t\t\t\t<div class=\"elementor-column elementor-col-50 elementor-inner-column elementor-element elementor-element-6ee6010b\" data-id=\"6ee6010b\" data-element_type=\"column\">\n\t\t\t<div class=\"elementor-widget-wrap elementor-element-populated\">\n\t\t\t\t\t\t<div class=\"elementor-element elementor-element-4b5df332 elementor-view-stacked elementor-shape-circle elementor-position-top elementor-mobile-position-top elementor-widget elementor-widget-icon-box\" data-id=\"4b5df332\" data-element_type=\"widget\" data-widget_type=\"icon-box.default\">\n\t\t\t\t\t\t\t<div class=\"elementor-icon-box-wrapper\">\n\n\t\t\t\t\t\t<div class=\"elementor-icon-box-icon\">\n\t\t\t\t<span  class=\"elementor-icon\">\n\t\t\t\t<svg aria-hidden=\"true\" class=\"e-font-icon-svg e-far-handshake\" viewBox=\"0 0 640 512\" xmlns=\"http:\/\/www.w3.org\/2000\/svg\"><path d=\"M519.2 127.9l-47.6-47.6A56.252 56.252 0 0 0 432 64H205.2c-14.8 0-29.1 5.9-39.6 16.3L118 127.9H0v255.7h64c17.6 0 31.8-14.2 31.9-31.7h9.1l84.6 76.4c30.9 25.1 73.8 25.7 105.6 3.8 12.5 10.8 26 15.9 41.1 15.9 18.2 0 35.3-7.4 48.8-24 22.1 8.7 48.2 2.6 64-16.8l26.2-32.3c5.6-6.9 9.1-14.8 10.9-23h57.9c.1 17.5 14.4 31.7 31.9 31.7h64V127.9H519.2zM48 351.6c-8.8 0-16-7.2-16-16s7.2-16 16-16 16 7.2 16 16c0 8.9-7.2 16-16 16zm390-6.9l-26.1 32.2c-2.8 3.4-7.8 4-11.3 1.2l-23.9-19.4-30 36.5c-6 7.3-15 4.8-18 2.4l-36.8-31.5-15.6 19.2c-13.9 17.1-39.2 19.7-55.3 6.6l-97.3-88H96V175.8h41.9l61.7-61.6c2-.8 3.7-1.5 5.7-2.3H262l-38.7 35.5c-29.4 26.9-31.1 72.3-4.4 101.3 14.8 16.2 61.2 41.2 101.5 4.4l8.2-7.5 108.2 87.8c3.4 2.8 3.9 7.9 1.2 11.3zm106-40.8h-69.2c-2.3-2.8-4.9-5.4-7.7-7.7l-102.7-83.4 12.5-11.4c6.5-6 7-16.1 1-22.6L367 167.1c-6-6.5-16.1-6.9-22.6-1l-55.2 50.6c-9.5 8.7-25.7 9.4-34.6 0-9.3-9.9-8.5-25.1 1.2-33.9l65.6-60.1c7.4-6.8 17-10.5 27-10.5l83.7-.2c2.1 0 4.1.8 5.5 2.3l61.7 61.6H544v128zm48 47.7c-8.8 0-16-7.2-16-16s7.2-16 16-16 16 7.2 16 16c0 8.9-7.2 16-16 16z\"><\/path><\/svg>\t\t\t\t<\/span>\n\t\t\t<\/div>\n\t\t\t\n\t\t\t\t\t\t<div class=\"elementor-icon-box-content\">\n\n\t\t\t\t\t\t\t\t\t<h3 class=\"elementor-icon-box-title\">\n\t\t\t\t\t\t<span  >\n\t\t\t\t\t\t\tDepuis sa cr\u00e9ation\t\t\t\t\t\t<\/span>\n\t\t\t\t\t<\/h3>\n\t\t\t\t\n\t\t\t\t\t\t\t\t\t<p class=\"elementor-icon-box-description\">\n\t\t\t\t\t\tl\u2019association a \u00e9volu\u00e9 pour r\u00e9pondre au mieux aux besoins\nd\u2019accompagnement et de r\u00e9pit de toutes ces personnes en situation d\u2019aidant\/aid\u00e9 (e), quel\nque soit le motif ayant entra\u00een\u00e9 la situation.\t\t\t\t\t<\/p>\n\t\t\t\t\n\t\t\t<\/div>\n\t\t\t\n\t\t<\/div>\n\t\t\t\t\t\t<\/div>\n\t\t\t\t\t<\/div>\n\t\t<\/div>\n\t\t\t\t\t<\/div>\n\t\t<\/section>\n\t\t\t\t\t<\/div>\n\t\t<\/div>\n\t\t\t\t<div class=\"elementor-column elementor-col-50 elementor-top-column elementor-element elementor-element-66560a0c\" data-id=\"66560a0c\" data-element_type=\"column\">\n\t\t\t<div class=\"elementor-widget-wrap elementor-element-populated\">\n\t\t\t\t\t\t<div class=\"elementor-element elementor-element-2e1ae4eb elementor-widget elementor-widget-image\" data-id=\"2e1ae4eb\" data-element_type=\"widget\" data-widget_type=\"image.default\">\n\t\t\t\t\t\t\t\t\t\t\t\t\t\t\t<img decoding=\"async\" width=\"768\" height=\"1024\" src=\"https:\/\/associationsunirpourmieuxvoussoutenir.fr\/wp-content\/uploads\/2026\/03\/92cde6c8-ff0f-4737-ad2a-dfdcf18967f4-768x1024.jpg\" class=\"attachment-large size-large wp-image-1303\" alt=\"\" srcset=\"https:\/\/associationsunirpourmieuxvoussoutenir.fr\/wp-content\/uploads\/2026\/03\/92cde6c8-ff0f-4737-ad2a-dfdcf18967f4-768x1024.jpg 768w, https:\/\/associationsunirpourmieuxvoussoutenir.fr\/wp-content\/uploads\/2026\/03\/92cde6c8-ff0f-4737-ad2a-dfdcf18967f4-225x300.jpg 225w, https:\/\/associationsunirpourmieuxvoussoutenir.fr\/wp-content\/uploads\/2026\/03\/92cde6c8-ff0f-4737-ad2a-dfdcf18967f4-1152x1536.jpg 1152w, https:\/\/associationsunirpourmieuxvoussoutenir.fr\/wp-content\/uploads\/2026\/03\/92cde6c8-ff0f-4737-ad2a-dfdcf18967f4-1000x1333.jpg 1000w, https:\/\/associationsunirpourmieuxvoussoutenir.fr\/wp-content\/uploads\/2026\/03\/92cde6c8-ff0f-4737-ad2a-dfdcf18967f4-230x307.jpg 230w, https:\/\/associationsunirpourmieuxvoussoutenir.fr\/wp-content\/uploads\/2026\/03\/92cde6c8-ff0f-4737-ad2a-dfdcf18967f4-350x467.jpg 350w, https:\/\/associationsunirpourmieuxvoussoutenir.fr\/wp-content\/uploads\/2026\/03\/92cde6c8-ff0f-4737-ad2a-dfdcf18967f4-480x640.jpg 480w, https:\/\/associationsunirpourmieuxvoussoutenir.fr\/wp-content\/uploads\/2026\/03\/92cde6c8-ff0f-4737-ad2a-dfdcf18967f4.jpg 1200w\" sizes=\"(max-width: 768px) 100vw, 768px\" \/>\t\t\t\t\t\t\t\t\t\t\t\t\t\t\t<\/div>\n\t\t\t\t\t<\/div>\n\t\t<\/div>\n\t\t\t\t\t<\/div>\n\t\t<\/section>\n\t\t\t\t<section class=\"elementor-section elementor-top-section elementor-element elementor-element-cae3061 elementor-section-boxed elementor-section-height-default elementor-section-height-default\" data-id=\"cae3061\" data-element_type=\"section\">\n\t\t\t\t\t\t<div class=\"elementor-container elementor-column-gap-default\">\n\t\t\t\t\t<div class=\"elementor-column elementor-col-100 elementor-top-column elementor-element elementor-element-56e88ce\" data-id=\"56e88ce\" data-element_type=\"column\">\n\t\t\t<div class=\"elementor-widget-wrap elementor-element-populated\">\n\t\t\t\t\t\t<div class=\"elementor-element elementor-element-0ce7e31 elementor-widget elementor-widget-heading\" data-id=\"0ce7e31\" data-element_type=\"widget\" data-widget_type=\"heading.default\">\n\t\t\t\t\t<div class=\"elementor-heading-title elementor-size-default\">le commencement<\/div>\t\t\t\t<\/div>\n\t\t\t\t<div class=\"elementor-element elementor-element-86f729a elementor-widget elementor-widget-heading\" data-id=\"86f729a\" data-element_type=\"widget\" data-widget_type=\"heading.default\">\n\t\t\t\t\t<h2 class=\"elementor-heading-title elementor-size-default\">Notre histoire<\/h2>\t\t\t\t<\/div>\n\t\t\t\t<div class=\"elementor-element elementor-element-923ffba elementor-widget-divider--view-line elementor-widget elementor-widget-divider\" data-id=\"923ffba\" data-element_type=\"widget\" data-widget_type=\"divider.default\">\n\t\t\t\t\t\t\t<div class=\"elementor-divider\">\n\t\t\t<span class=\"elementor-divider-separator\">\n\t\t\t\t\t\t<\/span>\n\t\t<\/div>\n\t\t\t\t\t\t<\/div>\n\t\t\t\t<div class=\"elementor-element elementor-element-2a8ae9c elementor-drop-cap-yes elementor-drop-cap-view-default elementor-widget elementor-widget-text-editor\" data-id=\"2a8ae9c\" data-element_type=\"widget\" data-settings=\"{&quot;drop_cap&quot;:&quot;yes&quot;}\" data-widget_type=\"text-editor.default\">\n\t\t\t\t\t\t\t\t\t<p class=\"p1\">L\u2019association <span class=\"s1\"><b>\u00ab S\u2019unir pour mieux vous soutenir \u00bb<\/b><\/span> est n\u00e9e d\u2019un constat r\u00e9alis\u00e9 en 2012 par sa pr\u00e9sidente actuelle, <span class=\"s1\"><b>Laurence Sanchez<\/b><\/span>, infirmi\u00e8re \u00e0 l\u2019H\u00f4pital de Perpignan, dont <span class=\"s1\"><b>15 ann\u00e9es au sein du service d\u2019Hospitalisation \u00e0 Domicile (HAD)<\/b><\/span>.<\/p><p class=\"p2\">Au fil de son exp\u00e9rience professionnelle, elle a observ\u00e9 que <span class=\"s1\"><b>l\u2019accompagnement des personnes en fin de vie et de leurs proches pr\u00e9sentait encore de nombreuses lacunes<\/b><\/span>, notamment en raison du manque de moyens et de dispositifs adapt\u00e9s.<\/p><p class=\"p1\">Face \u00e0 cette r\u00e9alit\u00e9, Laurence Sanchez a d\u00e9cid\u00e9 d\u2019agir. Pendant <span class=\"s1\"><b>deux ann\u00e9es<\/b><\/span>, elle s\u2019est form\u00e9e \u00e0 l\u2019accompagnement de la fin de vie, a men\u00e9 des observations de terrain et s\u2019est document\u00e9e afin de mieux comprendre les besoins des patients et de leurs proches.<\/p><p class=\"p1\">Parall\u00e8lement, elle s\u2019est entour\u00e9e de <span class=\"s1\"><b>personnes engag\u00e9es, issues pour certaines du milieu soignant<\/b><\/span>, partageant la m\u00eame sensibilit\u00e9 et les m\u00eames constats.<\/p><p class=\"p1\">C\u2019est ainsi qu\u2019en <span class=\"s1\"><b>2014<\/b><\/span>, l\u2019association <span class=\"s1\"><b>\u00ab S\u2019unir pour mieux vous soutenir \u00bb<\/b><\/span> a vu le jour.<\/p>\t\t\t\t\t\t\t\t<\/div>\n\t\t\t\t\t<\/div>\n\t\t<\/div>\n\t\t\t\t\t<\/div>\n\t\t<\/section>\n\t\t<div class=\"elementor-element elementor-element-38c29db e-flex e-con-boxed e-con e-parent\" data-id=\"38c29db\" data-element_type=\"container\">\n\t\t\t\t\t<div class=\"e-con-inner\">\n\t\t<div class=\"elementor-element elementor-element-511b1ba e-con-full e-flex e-con e-child\" data-id=\"511b1ba\" data-element_type=\"container\">\n\t\t<div class=\"elementor-element elementor-element-ecd5b90 e-con-full e-flex e-con e-child\" data-id=\"ecd5b90\" data-element_type=\"container\">\n\t\t<div class=\"elementor-element elementor-element-06669f7 e-con-full e-flex e-con e-child\" data-id=\"06669f7\" data-element_type=\"container\">\n\t\t\t\t<div class=\"elementor-element elementor-element-514be17 elementor-widget elementor-widget-heading\" data-id=\"514be17\" data-element_type=\"widget\" data-widget_type=\"heading.default\">\n\t\t\t\t\t<h6 class=\"elementor-heading-title elementor-size-default\">QUi est derri\u00e8re l'association ?<\/h6>\t\t\t\t<\/div>\n\t\t\t\t<div class=\"elementor-element elementor-element-60df186 elementor-widget elementor-widget-heading\" data-id=\"60df186\" data-element_type=\"widget\" data-widget_type=\"heading.default\">\n\t\t\t\t\t<h2 class=\"elementor-heading-title elementor-size-default\">Notre \u00e9quipe <\/h2>\t\t\t\t<\/div>\n\t\t\t\t<div class=\"elementor-element elementor-element-c7820fe elementor-widget elementor-widget-text-editor\" data-id=\"c7820fe\" data-element_type=\"widget\" data-widget_type=\"text-editor.default\">\n\t\t\t\t\t\t\t\t\t<p class=\"p1\">Port\u00e9e par des b\u00e9n\u00e9voles engag\u00e9s et des professionnels d\u00e9vou\u00e9s, notre \u00e9quipe \u0153uvre chaque jour avec humanit\u00e9 et bienveillance pour accompagner les personnes malades et leurs aidants. Ensemble, nous unissons nos forces pour offrir soutien, \u00e9coute et r\u00e9confort.<\/p>\t\t\t\t\t\t\t\t<\/div>\n\t\t\t\t<\/div>\n\t\t<div class=\"elementor-element elementor-element-2342210 e-con-full e-flex e-con e-child\" data-id=\"2342210\" data-element_type=\"container\">\n\t\t\t\t<div class=\"elementor-element elementor-element-3995d69 elementor-widget elementor-widget-image\" data-id=\"3995d69\" data-element_type=\"widget\" data-widget_type=\"image.default\">\n\t\t\t\t\t\t\t\t\t\t\t\t\t\t\t<img decoding=\"async\" width=\"1024\" height=\"768\" src=\"https:\/\/associationsunirpourmieuxvoussoutenir.fr\/wp-content\/uploads\/2026\/04\/20260130_194541-1024x768.jpg\" class=\"attachment-large size-large wp-image-1339\" alt=\"\" srcset=\"https:\/\/associationsunirpourmieuxvoussoutenir.fr\/wp-content\/uploads\/2026\/04\/20260130_194541-1024x768.jpg 1024w, https:\/\/associationsunirpourmieuxvoussoutenir.fr\/wp-content\/uploads\/2026\/04\/20260130_194541-300x225.jpg 300w, https:\/\/associationsunirpourmieuxvoussoutenir.fr\/wp-content\/uploads\/2026\/04\/20260130_194541-768x576.jpg 768w, https:\/\/associationsunirpourmieuxvoussoutenir.fr\/wp-content\/uploads\/2026\/04\/20260130_194541-1536x1152.jpg 1536w, https:\/\/associationsunirpourmieuxvoussoutenir.fr\/wp-content\/uploads\/2026\/04\/20260130_194541-2048x1536.jpg 2048w, https:\/\/associationsunirpourmieuxvoussoutenir.fr\/wp-content\/uploads\/2026\/04\/20260130_194541-1000x750.jpg 1000w, https:\/\/associationsunirpourmieuxvoussoutenir.fr\/wp-content\/uploads\/2026\/04\/20260130_194541-230x173.jpg 230w, https:\/\/associationsunirpourmieuxvoussoutenir.fr\/wp-content\/uploads\/2026\/04\/20260130_194541-350x263.jpg 350w, https:\/\/associationsunirpourmieuxvoussoutenir.fr\/wp-content\/uploads\/2026\/04\/20260130_194541-480x360.jpg 480w\" sizes=\"(max-width: 1024px) 100vw, 1024px\" \/>\t\t\t\t\t\t\t\t\t\t\t\t\t\t\t<\/div>\n\t\t\t\t<\/div>\n\t\t\t\t<\/div>\n\t\t\t\t<\/div>\n\t\t\t\t\t<\/div>\n\t\t\t\t<\/div>\n\t\t<div class=\"elementor-element elementor-element-f0efb4b e-flex e-con-boxed e-con e-parent\" data-id=\"f0efb4b\" data-element_type=\"container\" data-settings=\"{&quot;background_background&quot;:&quot;classic&quot;}\">\n\t\t\t\t\t<div class=\"e-con-inner\">\n\t\t<div class=\"elementor-element elementor-element-042cedb e-con-full e-flex e-con e-child\" data-id=\"042cedb\" data-element_type=\"container\">\n\t\t\t\t<div class=\"elementor-element elementor-element-8587a0e elementor-widget elementor-widget-image\" data-id=\"8587a0e\" data-element_type=\"widget\" data-widget_type=\"image.default\">\n\t\t\t\t\t\t\t\t\t\t\t\t\t\t\t<img loading=\"lazy\" decoding=\"async\" width=\"401\" height=\"401\" src=\"https:\/\/associationsunirpourmieuxvoussoutenir.fr\/wp-content\/uploads\/2026\/03\/Logo-sunirpourmieux-vous-soutenir-secondaire.png\" class=\"attachment-large size-large wp-image-1304\" alt=\"\" srcset=\"https:\/\/associationsunirpourmieuxvoussoutenir.fr\/wp-content\/uploads\/2026\/03\/Logo-sunirpourmieux-vous-soutenir-secondaire.png 401w, https:\/\/associationsunirpourmieuxvoussoutenir.fr\/wp-content\/uploads\/2026\/03\/Logo-sunirpourmieux-vous-soutenir-secondaire-300x300.png 300w, https:\/\/associationsunirpourmieuxvoussoutenir.fr\/wp-content\/uploads\/2026\/03\/Logo-sunirpourmieux-vous-soutenir-secondaire-150x150.png 150w, https:\/\/associationsunirpourmieuxvoussoutenir.fr\/wp-content\/uploads\/2026\/03\/Logo-sunirpourmieux-vous-soutenir-secondaire-230x230.png 230w, https:\/\/associationsunirpourmieuxvoussoutenir.fr\/wp-content\/uploads\/2026\/03\/Logo-sunirpourmieux-vous-soutenir-secondaire-350x350.png 350w\" sizes=\"(max-width: 401px) 100vw, 401px\" \/>\t\t\t\t\t\t\t\t\t\t\t\t\t\t\t<\/div>\n\t\t\t\t<\/div>\n\t\t<div class=\"elementor-element elementor-element-0f4c9b1 e-con-full e-flex e-con e-child\" data-id=\"0f4c9b1\" data-element_type=\"container\">\n\t\t\t\t<div class=\"elementor-element elementor-element-cba65e8 elementor-widget elementor-widget-heading\" data-id=\"cba65e8\" data-element_type=\"widget\" data-settings=\"{&quot;_animation&quot;:&quot;none&quot;}\" data-widget_type=\"heading.default\">\n\t\t\t\t\t<h2 class=\"elementor-heading-title elementor-size-default\">Nos valeurs essentielles<\/h2>\t\t\t\t<\/div>\n\t\t\t\t<div class=\"elementor-element elementor-element-86b22c8 elementor-widget elementor-widget-heading\" data-id=\"86b22c8\" data-element_type=\"widget\" data-widget_type=\"heading.default\">\n\t\t\t\t\t<h6 class=\"elementor-heading-title elementor-size-default\">01<\/h6>\t\t\t\t<\/div>\n\t\t\t\t<div class=\"elementor-element elementor-element-cdefd10 elementor-widget elementor-widget-text-editor\" data-id=\"cdefd10\" data-element_type=\"widget\" data-widget_type=\"text-editor.default\">\n\t\t\t\t\t\t\t\t\t<p class=\"p1\">Nous offrons un accompagnement humain et bienveillant \u00e0 ceux qui traversent l\u2019\u00e9preuve de la maladie. Chaque personne est accueillie avec respect, \u00e9coute et chaleur.<\/p>\t\t\t\t\t\t\t\t<\/div>\n\t\t\t\t<div class=\"elementor-element elementor-element-3514aaf elementor-widget elementor-widget-heading\" data-id=\"3514aaf\" data-element_type=\"widget\" data-widget_type=\"heading.default\">\n\t\t\t\t\t<h6 class=\"elementor-heading-title elementor-size-default\">02<\/h6>\t\t\t\t<\/div>\n\t\t\t\t<div class=\"elementor-element elementor-element-81af06f elementor-widget elementor-widget-text-editor\" data-id=\"81af06f\" data-element_type=\"widget\" data-widget_type=\"text-editor.default\">\n\t\t\t\t\t\t\t\t\t<p class=\"p1\">Notre projet vise \u00e0 offrir un lieu doux et s\u00e9curisant o\u00f9 familles et aidants peuvent souffler. Un espace pens\u00e9 pour la dignit\u00e9, le repos et le r\u00e9confort.<\/p>\t\t\t\t\t\t\t\t<\/div>\n\t\t\t\t<div class=\"elementor-element elementor-element-5aa3b9d elementor-widget elementor-widget-heading\" data-id=\"5aa3b9d\" data-element_type=\"widget\" data-widget_type=\"heading.default\">\n\t\t\t\t\t<h6 class=\"elementor-heading-title elementor-size-default\">03<\/h6>\t\t\t\t<\/div>\n\t\t\t\t<div class=\"elementor-element elementor-element-ba8e04c elementor-widget elementor-widget-text-editor\" data-id=\"ba8e04c\" data-element_type=\"widget\" data-widget_type=\"text-editor.default\">\n\t\t\t\t\t\t\t\t\t<p class=\"p1\">\u00c0 travers nos ateliers et nos rencontres, nous cr\u00e9ons un v\u00e9ritable r\u00e9seau d\u2019entraide. Nous restons pr\u00e9sents pour soutenir, informer et accompagner sans jugement.<\/p>\t\t\t\t\t\t\t\t<\/div>\n\t\t\t\t<\/div>\n\t\t\t\t\t<\/div>\n\t\t\t\t<\/div>\n\t\t\t\t<\/div>\n\t\t","protected":false},"excerpt":{"rendered":"<p>\u00c0 propos Au c\u0153ur de notre engagement S\u2019unir pour mieux vous soutenir est une association engag\u00e9e aupr\u00e8s des personnes touch\u00e9es par une [&hellip;]<\/p>\n","protected":false},"author":1,"featured_media":0,"parent":0,"menu_order":0,"comment_status":"closed","ping_status":"closed","template":"page-templates\/page_front-page.php","meta":{"footnotes":""},"class_list":["post-401","page","type-page","status-publish","hentry"],"_links":{"self":[{"href":"https:\/\/associationsunirpourmieuxvoussoutenir.fr\/index.php\/wp-json\/wp\/v2\/pages\/401","targetHints":{"allow":["GET"]}}],"collection":[{"href":"https:\/\/associationsunirpourmieuxvoussoutenir.fr\/index.php\/wp-json\/wp\/v2\/pages"}],"about":[{"href":"https:\/\/associationsunirpourmieuxvoussoutenir.fr\/index.php\/wp-json\/wp\/v2\/types\/page"}],"author":[{"embeddable":true,"href":"https:\/\/associationsunirpourmieuxvoussoutenir.fr\/index.php\/wp-json\/wp\/v2\/users\/1"}],"replies":[{"embeddable":true,"href":"https:\/\/associationsunirpourmieuxvoussoutenir.fr\/index.php\/wp-json\/wp\/v2\/comments?post=401"}],"version-history":[{"count":46,"href":"https:\/\/associationsunirpourmieuxvoussoutenir.fr\/index.php\/wp-json\/wp\/v2\/pages\/401\/revisions"}],"predecessor-version":[{"id":1345,"href":"https:\/\/associationsunirpourmieuxvoussoutenir.fr\/index.php\/wp-json\/wp\/v2\/pages\/401\/revisions\/1345"}],"wp:attachment":[{"href":"https:\/\/associationsunirpourmieuxvoussoutenir.fr\/index.php\/wp-json\/wp\/v2\/media?parent=401"}],"curies":[{"name":"wp","href":"https:\/\/api.w.org\/{rel}","templated":true}]}}